{"id":7,"date":"2012-02-08T17:15:30","date_gmt":"2012-02-08T16:15:30","guid":{"rendered":"http:\/\/www.mynirvana.it\/quarantaminuti\/?page_id=7"},"modified":"2012-08-09T16:23:20","modified_gmt":"2012-08-09T15:23:20","slug":"prova1","status":"publish","type":"page","link":"http:\/\/www.mynirvana.it\/quarantaminuti\/?page_id=7","title":{"rendered":"Appena 40 minuti"},"content":{"rendered":"<p>40 minuti ed un solo motivo<strong>.<\/strong><\/p>\n<p>40 sono i minuti di gioco regolamentari di una partita di pallacanestro.<\/p>\n<p style=\"text-align: justify;\">Tutto accade in appena 40 minuti e spesso ho creduto che questi fossero in qualche modo una metafora di vita: 40 &#8220;lunghissimi&#8221; minuti durate i quali condensare il lavoro svolto in allenamento, le proprie motivazioni personali, tecnica, tattica, psicologia ed una robustissima improvvisazione.<\/p>\n<p style=\"text-align: justify;\"><strong>40 minuti\u00a0 \u00e8 quindi un blog in cui sono racchiusi appunti, dispense, consigli, esperienze, esercizi e quanto altro possa essere utile a chi dovesse decidere di vivere quei 40 minuti &#8220;lavagnetta alla mano&#8221;.<\/strong><\/p>\n<p style=\"text-align: justify;\">Il motivo\u00a0 \u00e8 la passione quindi, la passione per uno sport e per le persone vere che gli girano attorno e lo animano. Il motivo \u00e8 la squadra, in senso lato, e quelle dinamiche di campo o spogliatoio che solo il basket riesce a costruire.<br \/>\nIl motivo \u00e8 quel mercoled\u00ec di settembre 1990 in cui mio padre mi accompagn\u00f2 al campo da basket di Guidonia&#8230;<\/p>\n<p style=\"text-align: justify;\">40 minuti , solo 40: vivere o morire, vincere o perdere. Nessun pareggio, nessuno sconto.<br \/>\nProprio come nella vita vera&#8230;<\/p>\n<p>&nbsp;<\/p>\n<p>Massimo Soldini<\/p>\n<p>&nbsp;<\/p>\n<p>P.S.<br \/>\nE l&#8217; overtime, il tempo che \u00e8 extra i famosi 40 minuti?<br \/>\nEh no, quella non \u00e8 mica vita, \u00e8\u00a0 solo sofferenza: se siete arrivati fin l\u00e0, qualcosa \u00e8 andato storto&#8230;.<\/p>\n<p>&nbsp;<\/p>\n<p>&nbsp;<\/p>\n<p>&nbsp;<\/p>\n<p>&nbsp;<\/p>\n<p>&nbsp;<\/p>\n","protected":false},"excerpt":{"rendered":"<p>40 minuti ed un solo motivo. 40 sono i minuti di gioco regolamentari di una partita di pallacanestro. Tutto accade in appena 40 minuti e spesso ho creduto che questi fossero in qualche modo una metafora di vita: 40 &#8220;lunghissimi&#8221; &hellip; <a href=\"http:\/\/www.mynirvana.it\/quarantaminuti\/?page_id=7\">Continua a leggere<span class=\"meta-nav\">&rarr;<\/span><\/a><\/p>\n","protected":false},"author":1,"featured_media":0,"parent":0,"menu_order":0,"comment_status":"open","ping_status":"open","template":"","meta":{"footnotes":""},"yoast_head":"<!-- This site is optimized with the Yoast SEO plugin v21.8 - https:\/\/yoast.com\/wordpress\/plugins\/seo\/ -->\r\n<title>Appena 40 minuti - 40 MINUTI<\/title>\r\n<meta name=\"robots\" content=\"index, follow, max-snippet:-1, max-image-preview:large, max-video-preview:-1\" \/>\r\n<link rel=\"canonical\" href=\"https:\/\/www.mynirvana.it\/quarantaminuti\/?page_id=7\" \/>\r\n<meta property=\"og:locale\" content=\"it_IT\" \/>\r\n<meta property=\"og:type\" content=\"article\" \/>\r\n<meta property=\"og:title\" content=\"Appena 40 minuti - 40 MINUTI\" \/>\r\n<meta property=\"og:description\" content=\"40 minuti ed un solo motivo. 40 sono i minuti di gioco regolamentari di una partita di pallacanestro. Tutto accade in appena 40 minuti e spesso ho creduto che questi fossero in qualche modo una metafora di vita: 40 &#8220;lunghissimi&#8221; &hellip; Continua a leggere&rarr;\" \/>\r\n<meta property=\"og:url\" content=\"https:\/\/www.mynirvana.it\/quarantaminuti\/?page_id=7\" \/>\r\n<meta property=\"og:site_name\" content=\"40 MINUTI\" \/>\r\n<meta property=\"article:modified_time\" content=\"2012-08-09T15:23:20+00:00\" \/>\r\n<meta name=\"twitter:card\" content=\"summary_large_image\" \/>\r\n<meta name=\"twitter:label1\" content=\"Tempo di lettura stimato\" \/>\n\t<meta name=\"twitter:data1\" content=\"1 minuto\" \/>\r\n<script type=\"application\/ld+json\" class=\"yoast-schema-graph\">{\"@context\":\"https:\/\/schema.org\",\"@graph\":[{\"@type\":\"WebPage\",\"@id\":\"https:\/\/www.mynirvana.it\/quarantaminuti\/?page_id=7\",\"url\":\"https:\/\/www.mynirvana.it\/quarantaminuti\/?page_id=7\",\"name\":\"Appena 40 minuti - 40 MINUTI\",\"isPartOf\":{\"@id\":\"https:\/\/www.mynirvana.it\/quarantaminuti\/#website\"},\"datePublished\":\"2012-02-08T16:15:30+00:00\",\"dateModified\":\"2012-08-09T15:23:20+00:00\",\"breadcrumb\":{\"@id\":\"https:\/\/www.mynirvana.it\/quarantaminuti\/?page_id=7#breadcrumb\"},\"inLanguage\":\"it-IT\",\"potentialAction\":[{\"@type\":\"ReadAction\",\"target\":[\"https:\/\/www.mynirvana.it\/quarantaminuti\/?page_id=7\"]}]},{\"@type\":\"BreadcrumbList\",\"@id\":\"https:\/\/www.mynirvana.it\/quarantaminuti\/?page_id=7#breadcrumb\",\"itemListElement\":[{\"@type\":\"ListItem\",\"position\":1,\"name\":\"Home\",\"item\":\"https:\/\/www.mynirvana.it\/quarantaminuti\"},{\"@type\":\"ListItem\",\"position\":2,\"name\":\"Appena 40 minuti\"}]},{\"@type\":\"WebSite\",\"@id\":\"https:\/\/www.mynirvana.it\/quarantaminuti\/#website\",\"url\":\"https:\/\/www.mynirvana.it\/quarantaminuti\/\",\"name\":\"40 MINUTI\",\"description\":\"La vita, quella vera, va vissuta a piccole dosi: appena 40 minuti.\",\"potentialAction\":[{\"@type\":\"SearchAction\",\"target\":{\"@type\":\"EntryPoint\",\"urlTemplate\":\"https:\/\/www.mynirvana.it\/quarantaminuti\/?s={search_term_string}\"},\"query-input\":\"required name=search_term_string\"}],\"inLanguage\":\"it-IT\"}]}<\/script>\r\n<!-- \/ Yoast SEO plugin. -->","yoast_head_json":{"title":"Appena 40 minuti - 40 MINUTI","robots":{"index":"index","follow":"follow","max-snippet":"max-snippet:-1","max-image-preview":"max-image-preview:large","max-video-preview":"max-video-preview:-1"},"canonical":"https:\/\/www.mynirvana.it\/quarantaminuti\/?page_id=7","og_locale":"it_IT","og_type":"article","og_title":"Appena 40 minuti - 40 MINUTI","og_description":"40 minuti ed un solo motivo. 40 sono i minuti di gioco regolamentari di una partita di pallacanestro. Tutto accade in appena 40 minuti e spesso ho creduto che questi fossero in qualche modo una metafora di vita: 40 &#8220;lunghissimi&#8221; &hellip; Continua a leggere&rarr;","og_url":"https:\/\/www.mynirvana.it\/quarantaminuti\/?page_id=7","og_site_name":"40 MINUTI","article_modified_time":"2012-08-09T15:23:20+00:00","twitter_card":"summary_large_image","twitter_misc":{"Tempo di lettura stimato":"1 minuto"},"schema":{"@context":"https:\/\/schema.org","@graph":[{"@type":"WebPage","@id":"https:\/\/www.mynirvana.it\/quarantaminuti\/?page_id=7","url":"https:\/\/www.mynirvana.it\/quarantaminuti\/?page_id=7","name":"Appena 40 minuti - 40 MINUTI","isPartOf":{"@id":"https:\/\/www.mynirvana.it\/quarantaminuti\/#website"},"datePublished":"2012-02-08T16:15:30+00:00","dateModified":"2012-08-09T15:23:20+00:00","breadcrumb":{"@id":"https:\/\/www.mynirvana.it\/quarantaminuti\/?page_id=7#breadcrumb"},"inLanguage":"it-IT","potentialAction":[{"@type":"ReadAction","target":["https:\/\/www.mynirvana.it\/quarantaminuti\/?page_id=7"]}]},{"@type":"BreadcrumbList","@id":"https:\/\/www.mynirvana.it\/quarantaminuti\/?page_id=7#breadcrumb","itemListElement":[{"@type":"ListItem","position":1,"name":"Home","item":"https:\/\/www.mynirvana.it\/quarantaminuti"},{"@type":"ListItem","position":2,"name":"Appena 40 minuti"}]},{"@type":"WebSite","@id":"https:\/\/www.mynirvana.it\/quarantaminuti\/#website","url":"https:\/\/www.mynirvana.it\/quarantaminuti\/","name":"40 MINUTI","description":"La vita, quella vera, va vissuta a piccole dosi: appena 40 minuti.","potentialAction":[{"@type":"SearchAction","target":{"@type":"EntryPoint","urlTemplate":"https:\/\/www.mynirvana.it\/quarantaminuti\/?s={search_term_string}"},"query-input":"required name=search_term_string"}],"inLanguage":"it-IT"}]}},"jetpack_sharing_enabled":true,"_links":{"self":[{"href":"http:\/\/www.mynirvana.it\/quarantaminuti\/index.php?rest_route=\/wp\/v2\/pages\/7"}],"collection":[{"href":"http:\/\/www.mynirvana.it\/quarantaminuti\/index.php?rest_route=\/wp\/v2\/pages"}],"about":[{"href":"http:\/\/www.mynirvana.it\/quarantaminuti\/index.php?rest_route=\/wp\/v2\/types\/page"}],"author":[{"embeddable":true,"href":"http:\/\/www.mynirvana.it\/quarantaminuti\/index.php?rest_route=\/wp\/v2\/users\/1"}],"replies":[{"embeddable":true,"href":"http:\/\/www.mynirvana.it\/quarantaminuti\/index.php?rest_route=%2Fwp%2Fv2%2Fcomments&post=7"}],"version-history":[{"count":11,"href":"http:\/\/www.mynirvana.it\/quarantaminuti\/index.php?rest_route=\/wp\/v2\/pages\/7\/revisions"}],"predecessor-version":[{"id":23,"href":"http:\/\/www.mynirvana.it\/quarantaminuti\/index.php?rest_route=\/wp\/v2\/pages\/7\/revisions\/23"}],"wp:attachment":[{"href":"http:\/\/www.mynirvana.it\/quarantaminuti\/index.php?rest_route=%2Fwp%2Fv2%2Fmedia&parent=7"}],"curies":[{"name":"wp","href":"https:\/\/api.w.org\/{rel}","templated":true}]}}