{"id":383,"date":"2023-07-13T17:32:55","date_gmt":"2023-07-13T16:32:55","guid":{"rendered":"https:\/\/www.mynirvana.it\/quarantaminuti\/?post_type=product&#038;p=383"},"modified":"2023-07-13T17:32:56","modified_gmt":"2023-07-13T16:32:56","slug":"definizione-di-un-intero-sistema-di-gioco-indicato-prezzo-base","status":"publish","type":"product","link":"http:\/\/www.mynirvana.it\/quarantaminuti\/?product=definizione-di-un-intero-sistema-di-gioco-indicato-prezzo-base","title":{"rendered":"Definizione di un intero sistema di gioco (indicato prezzo base)"},"content":{"rendered":"<p>Definizione puntuale di schemi offensivi e difensivi per la costruzione di un intero sistema di gioco opportunamente disegnato e commentato, costituito da situazioni di gioco necessariamente coerenti, correlate fra loro.<\/p>\n<p>Il prezzo \u00e8 da determinare in base al livello di profondit\u00e0 e variet\u00e0 tecnico\/tattica, categoria, altri dettagli.<\/p>\n","protected":false},"excerpt":{"rendered":"<p>Definizione puntuale di schemi offensivi e difensivi per la costruzione di un intero sistema di gioco <a href=\"http:\/\/www.mynirvana.it\/quarantaminuti\/?product=definizione-di-un-intero-sistema-di-gioco-indicato-prezzo-base\">Continua a leggere<span class=\"meta-nav\">&rarr;<\/span><\/a><\/p>\n","protected":false},"featured_media":0,"comment_status":"open","ping_status":"closed","template":"","meta":[],"product_cat":[290],"product_tag":[],"yoast_head":"<!-- This site is optimized with the Yoast SEO plugin v21.8 - https:\/\/yoast.com\/wordpress\/plugins\/seo\/ -->\r\n<title>Definizione di un intero sistema di gioco (indicato prezzo base) - 40 MINUTI<\/title>\r\n<meta name=\"robots\" content=\"index, follow, max-snippet:-1, max-image-preview:large, max-video-preview:-1\" \/>\r\n<link rel=\"canonical\" href=\"https:\/\/www.mynirvana.it\/quarantaminuti\/?product=definizione-di-un-intero-sistema-di-gioco-indicato-prezzo-base\" \/>\r\n<meta property=\"og:locale\" content=\"it_IT\" \/>\r\n<meta property=\"og:type\" content=\"article\" \/>\r\n<meta property=\"og:title\" content=\"Definizione di un intero sistema di gioco (indicato prezzo base) - 40 MINUTI\" \/>\r\n<meta property=\"og:description\" content=\"Definizione puntuale di schemi offensivi e difensivi per la costruzione di un intero sistema di gioco Continua a leggere&rarr;\" \/>\r\n<meta property=\"og:url\" content=\"https:\/\/www.mynirvana.it\/quarantaminuti\/?product=definizione-di-un-intero-sistema-di-gioco-indicato-prezzo-base\" \/>\r\n<meta property=\"og:site_name\" content=\"40 MINUTI\" \/>\r\n<meta property=\"article:modified_time\" content=\"2023-07-13T16:32:56+00:00\" \/>\r\n<meta name=\"twitter:card\" content=\"summary_large_image\" \/>\r\n<script type=\"application\/ld+json\" class=\"yoast-schema-graph\">{\"@context\":\"https:\/\/schema.org\",\"@graph\":[{\"@type\":\"WebPage\",\"@id\":\"https:\/\/www.mynirvana.it\/quarantaminuti\/?product=definizione-di-un-intero-sistema-di-gioco-indicato-prezzo-base\",\"url\":\"https:\/\/www.mynirvana.it\/quarantaminuti\/?product=definizione-di-un-intero-sistema-di-gioco-indicato-prezzo-base\",\"name\":\"Definizione di un intero sistema di gioco (indicato prezzo base) - 40 MINUTI\",\"isPartOf\":{\"@id\":\"http:\/\/www.mynirvana.it\/quarantaminuti\/#website\"},\"datePublished\":\"2023-07-13T16:32:55+00:00\",\"dateModified\":\"2023-07-13T16:32:56+00:00\",\"breadcrumb\":{\"@id\":\"https:\/\/www.mynirvana.it\/quarantaminuti\/?product=definizione-di-un-intero-sistema-di-gioco-indicato-prezzo-base#breadcrumb\"},\"inLanguage\":\"it-IT\",\"potentialAction\":[{\"@type\":\"ReadAction\",\"target\":[\"https:\/\/www.mynirvana.it\/quarantaminuti\/?product=definizione-di-un-intero-sistema-di-gioco-indicato-prezzo-base\"]}]},{\"@type\":\"BreadcrumbList\",\"@id\":\"https:\/\/www.mynirvana.it\/quarantaminuti\/?product=definizione-di-un-intero-sistema-di-gioco-indicato-prezzo-base#breadcrumb\",\"itemListElement\":[{\"@type\":\"ListItem\",\"position\":1,\"name\":\"Home\",\"item\":\"http:\/\/www.mynirvana.it\/quarantaminuti\"},{\"@type\":\"ListItem\",\"position\":2,\"name\":\"Shop\",\"item\":\"https:\/\/www.mynirvana.it\/quarantaminuti\/?page_id=359\"},{\"@type\":\"ListItem\",\"position\":3,\"name\":\"Definizione di un intero sistema di gioco (indicato prezzo base)\"}]},{\"@type\":\"WebSite\",\"@id\":\"http:\/\/www.mynirvana.it\/quarantaminuti\/#website\",\"url\":\"http:\/\/www.mynirvana.it\/quarantaminuti\/\",\"name\":\"40 MINUTI\",\"description\":\"La vita, quella vera, va vissuta a piccole dosi: appena 40 minuti.\",\"potentialAction\":[{\"@type\":\"SearchAction\",\"target\":{\"@type\":\"EntryPoint\",\"urlTemplate\":\"http:\/\/www.mynirvana.it\/quarantaminuti\/?s={search_term_string}\"},\"query-input\":\"required name=search_term_string\"}],\"inLanguage\":\"it-IT\"}]}<\/script>\r\n<!-- \/ Yoast SEO plugin. -->","yoast_head_json":{"title":"Definizione di un intero sistema di gioco (indicato prezzo base) - 40 MINUTI","robots":{"index":"index","follow":"follow","max-snippet":"max-snippet:-1","max-image-preview":"max-image-preview:large","max-video-preview":"max-video-preview:-1"},"canonical":"https:\/\/www.mynirvana.it\/quarantaminuti\/?product=definizione-di-un-intero-sistema-di-gioco-indicato-prezzo-base","og_locale":"it_IT","og_type":"article","og_title":"Definizione di un intero sistema di gioco (indicato prezzo base) - 40 MINUTI","og_description":"Definizione puntuale di schemi offensivi e difensivi per la costruzione di un intero sistema di gioco Continua a leggere&rarr;","og_url":"https:\/\/www.mynirvana.it\/quarantaminuti\/?product=definizione-di-un-intero-sistema-di-gioco-indicato-prezzo-base","og_site_name":"40 MINUTI","article_modified_time":"2023-07-13T16:32:56+00:00","twitter_card":"summary_large_image","schema":{"@context":"https:\/\/schema.org","@graph":[{"@type":"WebPage","@id":"https:\/\/www.mynirvana.it\/quarantaminuti\/?product=definizione-di-un-intero-sistema-di-gioco-indicato-prezzo-base","url":"https:\/\/www.mynirvana.it\/quarantaminuti\/?product=definizione-di-un-intero-sistema-di-gioco-indicato-prezzo-base","name":"Definizione di un intero sistema di gioco (indicato prezzo base) - 40 MINUTI","isPartOf":{"@id":"http:\/\/www.mynirvana.it\/quarantaminuti\/#website"},"datePublished":"2023-07-13T16:32:55+00:00","dateModified":"2023-07-13T16:32:56+00:00","breadcrumb":{"@id":"https:\/\/www.mynirvana.it\/quarantaminuti\/?product=definizione-di-un-intero-sistema-di-gioco-indicato-prezzo-base#breadcrumb"},"inLanguage":"it-IT","potentialAction":[{"@type":"ReadAction","target":["https:\/\/www.mynirvana.it\/quarantaminuti\/?product=definizione-di-un-intero-sistema-di-gioco-indicato-prezzo-base"]}]},{"@type":"BreadcrumbList","@id":"https:\/\/www.mynirvana.it\/quarantaminuti\/?product=definizione-di-un-intero-sistema-di-gioco-indicato-prezzo-base#breadcrumb","itemListElement":[{"@type":"ListItem","position":1,"name":"Home","item":"http:\/\/www.mynirvana.it\/quarantaminuti"},{"@type":"ListItem","position":2,"name":"Shop","item":"https:\/\/www.mynirvana.it\/quarantaminuti\/?page_id=359"},{"@type":"ListItem","position":3,"name":"Definizione di un intero sistema di gioco (indicato prezzo base)"}]},{"@type":"WebSite","@id":"http:\/\/www.mynirvana.it\/quarantaminuti\/#website","url":"http:\/\/www.mynirvana.it\/quarantaminuti\/","name":"40 MINUTI","description":"La vita, quella vera, va vissuta a piccole dosi: appena 40 minuti.","potentialAction":[{"@type":"SearchAction","target":{"@type":"EntryPoint","urlTemplate":"http:\/\/www.mynirvana.it\/quarantaminuti\/?s={search_term_string}"},"query-input":"required name=search_term_string"}],"inLanguage":"it-IT"}]}},"jetpack_sharing_enabled":true,"_links":{"self":[{"href":"http:\/\/www.mynirvana.it\/quarantaminuti\/index.php?rest_route=\/wp\/v2\/product\/383"}],"collection":[{"href":"http:\/\/www.mynirvana.it\/quarantaminuti\/index.php?rest_route=\/wp\/v2\/product"}],"about":[{"href":"http:\/\/www.mynirvana.it\/quarantaminuti\/index.php?rest_route=\/wp\/v2\/types\/product"}],"replies":[{"embeddable":true,"href":"http:\/\/www.mynirvana.it\/quarantaminuti\/index.php?rest_route=%2Fwp%2Fv2%2Fcomments&post=383"}],"wp:attachment":[{"href":"http:\/\/www.mynirvana.it\/quarantaminuti\/index.php?rest_route=%2Fwp%2Fv2%2Fmedia&parent=383"}],"wp:term":[{"taxonomy":"product_cat","embeddable":true,"href":"http:\/\/www.mynirvana.it\/quarantaminuti\/index.php?rest_route=%2Fwp%2Fv2%2Fproduct_cat&post=383"},{"taxonomy":"product_tag","embeddable":true,"href":"http:\/\/www.mynirvana.it\/quarantaminuti\/index.php?rest_route=%2Fwp%2Fv2%2Fproduct_tag&post=383"}],"curies":[{"name":"wp","href":"https:\/\/api.w.org\/{rel}","templated":true}]}}