{"id":2,"date":"2011-11-03T13:07:28","date_gmt":"2011-11-03T13:07:28","guid":{"rendered":"http:\/\/www.mynirvana.it\/ilcircodelleparole\/?page_id=2"},"modified":"2022-08-09T14:05:01","modified_gmt":"2022-08-09T13:05:01","slug":"pagina-di-esempio","status":"publish","type":"page","link":"https:\/\/www.mynirvana.it\/ilcircodelleparole\/index.php\/pagina-di-esempio\/","title":{"rendered":"Chi siamo"},"content":{"rendered":"<p>&#8220;<em>&#8230;Codesto solo oggi possiamo dirti,<\/em><\/p>\n<p><em>ci\u00f2 che non siamo, ci\u00f2 che non vogliamo<\/em>&#8221;<\/p>\n<p>E. Montale<\/p>\n<p style=\"text-align: justify;\"><strong>\u00a0Massimo<\/strong>:<\/p>\n<p style=\"text-align: justify;\">Tutto d&#8217;un fiato: basketball Coach, moto turista, vespista, viaggiatore, ghost writer, cintura nera di trattoria, marito, padre.<\/p>\n<p style=\"text-align: justify;\">Nasce e vive, vantandosene, a Roma: cresce pi\u00f9 che altro nel cortile di casa dove apprende che il calcio non sar\u00e0 il suo sport. Si appassiona a rumori ed odori, sviluppa sane sociopatie che porter\u00e0 poi avanti per tutta la vita; si perde leggendo riviste femminili ed enciclopedie, giornali e cataloghi postalmarket, divora tv fra film e cartoni, ascolta radio, dischi, soprattutto musicassette.<br \/>\nOsserva, immagina: non sogna, decide.<br \/>\nCresce ancora, diventa alto, perde capelli e capisce che il basket \u00e8 fatto di ordine e disciplina e che forse rifugiarsi in quelle regole sar\u00e0 bello e rassicurante: non smetter\u00e0 mai pi\u00f9, prima in campo con scarsi risultati, poi in panchina con interessanti prospettive mortificate dal lavoro d&#8217;ufficio imposto dal mutuo da pagare.<\/p>\n<p style=\"text-align: justify;\">Gira, guida, viaggia molto: progetta ma realizza solo in parte; intanto archivia, incasella, compra moto e Vespe, griglia, e proprio questa sar\u00e0 la chiave di volta.<br \/>\nUn sabato infatti tira tardi ad un concerto: \u00e8 fine estate ed il giorno dopo \u00e8 pesto dal sonno e dal vino, in dubbio se andare o meno al barbecue da amici: ci va invece e d&#8217;un tratto tutto pare avere un senso, essere correlato: \u00e8 come se tutte le tessere d&#8217;un complicatissimo mosaico, cadendo, trovassero il loro posto.<br \/>\nAccade come in un film, quando le immagini rallentano e la scena pare sospesa perch\u00e9 perfetta: si sposa, diventa padre e guarda al futuro.<\/p>\n<p>&nbsp;<\/p>\n<p>&nbsp;<\/p>\n<p>&nbsp;<\/p>\n<p>&nbsp;<\/p>\n<p>&nbsp;<\/p>\n<p>&nbsp;<\/p>\n<p>&nbsp;<\/p>\n<p>&nbsp;<\/p>\n","protected":false},"excerpt":{"rendered":"<p>&#8220;&#8230;Codesto solo oggi possiamo dirti, ci\u00f2 che non siamo, ci\u00f2 che non vogliamo&#8221; E. Montale \u00a0Massimo: Tutto d&#8217;un fiato: basketball Coach, moto turista, vespista, viaggiatore, ghost writer, cintura nera di trattoria, marito, padre. Nasce e vive, vantandosene, a Roma: cresce pi\u00f9 che altro nel cortile di casa dove apprende che il calcio non sar\u00e0 il [&hellip;]<\/p>\n","protected":false},"author":1,"featured_media":0,"parent":0,"menu_order":0,"comment_status":"open","ping_status":"open","template":"","meta":{"footnotes":""},"_links":{"self":[{"href":"https:\/\/www.mynirvana.it\/ilcircodelleparole\/index.php\/wp-json\/wp\/v2\/pages\/2"}],"collection":[{"href":"https:\/\/www.mynirvana.it\/ilcircodelleparole\/index.php\/wp-json\/wp\/v2\/pages"}],"about":[{"href":"https:\/\/www.mynirvana.it\/ilcircodelleparole\/index.php\/wp-json\/wp\/v2\/types\/page"}],"author":[{"embeddable":true,"href":"https:\/\/www.mynirvana.it\/ilcircodelleparole\/index.php\/wp-json\/wp\/v2\/users\/1"}],"replies":[{"embeddable":true,"href":"https:\/\/www.mynirvana.it\/ilcircodelleparole\/index.php\/wp-json\/wp\/v2\/comments?post=2"}],"version-history":[{"count":21,"href":"https:\/\/www.mynirvana.it\/ilcircodelleparole\/index.php\/wp-json\/wp\/v2\/pages\/2\/revisions"}],"predecessor-version":[{"id":3765,"href":"https:\/\/www.mynirvana.it\/ilcircodelleparole\/index.php\/wp-json\/wp\/v2\/pages\/2\/revisions\/3765"}],"wp:attachment":[{"href":"https:\/\/www.mynirvana.it\/ilcircodelleparole\/index.php\/wp-json\/wp\/v2\/media?parent=2"}],"curies":[{"name":"wp","href":"https:\/\/api.w.org\/{rel}","templated":true}]}}